{"id":101,"date":"2016-03-14T00:37:18","date_gmt":"2016-03-13T23:37:18","guid":{"rendered":"http:\/\/scoutsmarins.ca\/?page_id=101"},"modified":"2024-04-15T14:53:33","modified_gmt":"2024-04-15T13:53:33","slug":"scouts-marins","status":"publish","type":"page","link":"https:\/\/scoutsmarins.ca\/index.php\/scouts-marins\/","title":{"rendered":"Le scoutisme marin"},"content":{"rendered":"<p><img loading=\"lazy\" decoding=\"async\" class=\"size-medium wp-image-177 alignleft\" src=\"http:\/\/scoutsmarins.ca\/wp-content\/uploads\/2016\/03\/DSCN7127-225x300.jpg\" alt=\"\" width=\"225\" height=\"300\" srcset=\"https:\/\/scoutsmarins.ca\/wp-content\/uploads\/2016\/03\/DSCN7127-225x300.jpg 225w, https:\/\/scoutsmarins.ca\/wp-content\/uploads\/2016\/03\/DSCN7127-768x1024.jpg 768w\" sizes=\"auto, (max-width: 225px) 100vw, 225px\" \/>Le scoutisme marin est une sp\u00e9cialit\u00e9 navale des scouts. Cette p\u00e9dagogie particuli\u00e8re int\u00e8gre tous les avantages d\u2019une double formation de scout et de marin, laquelle contribue \u00e0 forger de jeunes gens engag\u00e9s, actifs et responsables. Toutefois, la pr\u00e9misse de base du scoutisme marin est que nous sommes scouts d\u2019abord, marins ensuite. La sp\u00e9cialit\u00e9 marine n\u2019est qu\u2019un outil p\u00e9dagogique pour atteindre les objectifs g\u00e9n\u00e9raux du scoutisme. Quel outil formidable cependant, car il place les jeunes face \u00e0 une responsabilit\u00e9 r\u00e9elle \u00e0 l\u2019\u00e9gard des autres et d&rsquo;eux-m\u00eames. Il propose une aventure exaltante et des exp\u00e9riences concr\u00e8tes visant le d\u00e9veloppement int\u00e9gral\u00a0 sur le plan du caract\u00e8re, de la sant\u00e9, du savoir-faire et de l&rsquo;esprit de service.<\/p>\n<p><em>\u00ab La mer nous enseigna, en effet, \u00e0 nous soumettre \u00e0 une discipline stricte, \u00e0 faire preuve d&rsquo;adresse, \u00e0 conserver notre sang-froid au milieu du danger et \u00e0 acqu\u00e9rir l&rsquo;esprit d&rsquo;\u00e9quipe, chacun faisant de son mieux pour assurer la s\u00e9curit\u00e9 des autres. \u00bb<\/em> \u2014 Baden Powell, fondateur du scoutisme.<\/p>\n<p>Photo Guy Desruisseau,\u00a0<em>Les Aventuriers<\/em>, 1967<img loading=\"lazy\" decoding=\"async\" class=\"size-medium wp-image-62 alignright\" src=\"http:\/\/scoutsmarins.ca\/wp-content\/uploads\/2016\/03\/rassemblement-300x258.jpg\" alt=\"\" width=\"300\" height=\"258\" srcset=\"https:\/\/scoutsmarins.ca\/wp-content\/uploads\/2016\/03\/rassemblement-300x258.jpg 300w, https:\/\/scoutsmarins.ca\/wp-content\/uploads\/2016\/03\/rassemblement-768x661.jpg 768w, https:\/\/scoutsmarins.ca\/wp-content\/uploads\/2016\/03\/rassemblement-1024x882.jpg 1024w\" sizes=\"auto, (max-width: 300px) 100vw, 300px\" \/><\/p>\n<p>Bien que le scoutisme marin soit r\u00e9pandu \u00e0 travers le monde depuis 1910, il demeure plut\u00f4t marginal au Qu\u00e9bec en raison du climat. Des saisons estivales relativement courtes ponctu\u00e9es de mises en cale s\u00e8che tous les hivers repr\u00e9sentent un r\u00e9el d\u00e9fi logistique et p\u00e9dagogique. N\u00e9anmoins, cette p\u00e9dagogie ne se limite pas \u00e0 la pratique de la voile en \u00e9t\u00e9. Une multitude d&rsquo;approches sont possibles et ce, pour tous les groupes d&rsquo;\u00e2ge. Voici quelques exemples qui, pr\u00e9sent\u00e9s de fa\u00e7on \u00e9volutive, peuvent constituer un programme de scoutisme marin pour tout groupe scout d\u00e9sirant s&rsquo;amariner:<\/p>\n<p><strong>7-8 ans<\/strong><br \/>\n\u2022 Initiation aux activit\u00e9s aquatiques et nautiques<br \/>\n\u2022 Sensibilisation \u00e0 la s\u00e9curit\u00e9 nautique<br \/>\n\u2022 D\u00e9couverte de la faune et la flore maritime<br \/>\n\u2022 Sorties \u00e9ducatives ou culturelles \u00e0 caract\u00e8re marin (aquarium, films, concerts de chants marins, etc.)<br \/>\n\u2022 Bricolages th\u00e9matiques (mod\u00e9lisme naval \u00e0 partir d&rsquo;objets recycl\u00e9s, cerfs-volants, virevents, etc.)<br \/>\n\u2022 Activit\u00e9s ou camps \u00e0 th\u00e9matique marine (pirates et corsaires, grands explorateurs, matelots, etc.)<\/p>\n<p><strong>9-11 ans<\/strong><br \/>\n\u2022 Initiation \u00e0 la man\u0153uvre de petites embarcations (canot, kayak, d\u00e9riveur de type Optimist, etc.)<br \/>\n\u2022 Initiation au matelotage (n\u0153uds et lexique marin de base)<br \/>\n\u2022 Codes marins (morse, s\u00e9maphore, alphabet phon\u00e9tique de l&rsquo;OTAN, etc.)<br \/>\n\u2022 Plong\u00e9e en apn\u00e9e<\/p>\n<p><strong>12-17 ans<\/strong><br \/>\n\u2022 Man\u0153uvre compl\u00e8te et autonome d\u2019une embarcation<br \/>\n\u2022 Connaissance et application des principales r\u00e8gles de s\u00e9curit\u00e9 nautiques<br \/>\n\u2022 Navigation \u00e0 voile (man\u0153uvre d\u2019un voilier \u00e0 titre d\u2019\u00e9quipier)<br \/>\n\u2022 Cartographie marine<br \/>\n\u2022 Op\u00e9ration d\u2019une radio VHF (obtention du <em>Certificat Restreint d&rsquo;Op\u00e9rateur (Maritime<\/em>)<br \/>\n\u2022 Obtention de la carte de conducteur d\u2019embarcation de plaisance<br \/>\n\u2022 Obtention du brevet de patron d\u2019embarcation des SMGM<\/p>\n<p><strong>Adultes et gestionnaires<\/strong><\/p>\n<p>\u2022 Implication aupr\u00e8s d&rsquo;associations maritimes (Garde-c\u00f4ti\u00e8re auxiliaire, \u00a0\u00a0 Escadrilles Canadiennes de Plaisance,\u00a0 CONAM, Nautisme Qu\u00e9bec, etc.)<\/p>\n<p>\u2022 \u00c9tudes ou d\u00e9veloppement d&rsquo;une carri\u00e8re dans le domaine maritime<\/p>\n<p>\u2022 Entretien et gestion d&rsquo;une flotte d&#8217;embarcations des scouts marins<\/p>\n<p>\u2022 Promotion du nautisme et de la s\u00e9curit\u00e9 par le d\u00e9veloppement de projets<\/p>\n<p>\u2022 Obtention d\u2019un brevet de patron d\u2019embarcation des SMGM<\/p>\n<p>\u2022 Formation et encadrement des unit\u00e9s de scoutisme<\/p>\n<p>\u2022 Implication aupr\u00e8s du CA des Scouts marins du Grand Montr\u00e9al<\/p>\n<p><strong>Activit\u00e9s hivernales (plusieurs des activit\u00e9s propos\u00e9es ci-haut peuvent se faire en toute saison)<\/strong><\/p>\n<p>\u2022 Acquisition de connaissances th\u00e9oriques<br \/>\n\u2022 R\u00e9unions en piscine<br \/>\n\u2022 P\u00eache sur glace<br \/>\n\u2022 Char \u00e0 voile<br \/>\n\u2022 Snowkite<\/p>\n<p>Afin de dynamiser leur offre p\u00e9dagogique et d&rsquo;\u00e9chapper \u00e0 l&rsquo;ordinaire, plusieurs troupes, postes et clans nous contactent afin de vivre notre programme menant \u00e0 l&rsquo;obtention du <em><strong>Brevet de Patron d&#8217;embarcation<\/strong><\/em>. Ce programme compos\u00e9 d&rsquo;une douzaine de modules avec une sp\u00e9cialisation moteur ou voile permet d&rsquo;acqu\u00e9rir des connaissances en nautisme (s\u00e9curit\u00e9, man\u0153uvres, vie \u00e0 bord, cartographie, etc.). Obtenir ce brevet prend normalement de 2 \u00e0 3 camps de formation d&rsquo;une semaine.<\/p>\n<p>Afin de vous soutenir pendant toutes les \u00e9tapes de ce projet, les Scouts Marins du Grand Montr\u00e9al vous font profiter de leurs connaissances et d&rsquo;un r\u00e9seau de ressources et infrastructures bien \u00e9tablies. Nous formons en effet la seule organisation de scoutisme marin ind\u00e9pendante dans la province et accueillons des scouts de toutes provenances.<\/p>\n<p>Les groupes scouts marins en d\u00e9marrage peuvent \u00e9galement compter sur notre support pour monter une flotte, puisque nous recevons r\u00e9guli\u00e8rement des offres de dons de d\u00e9riveurs, voiliers et \u00e9quipements. <a href=\"http:\/\/scoutsmarins.ca\/index.php\/contacter\/\">Contactez-nous!<\/a><\/p>\n<p><img loading=\"lazy\" decoding=\"async\" class=\"alignnone size-medium wp-image-181\" src=\"http:\/\/scoutsmarins.ca\/wp-content\/uploads\/2016\/03\/DSCN7331-300x225.jpg\" alt=\"\" width=\"300\" height=\"225\" srcset=\"https:\/\/scoutsmarins.ca\/wp-content\/uploads\/2016\/03\/DSCN7331-300x225.jpg 300w, https:\/\/scoutsmarins.ca\/wp-content\/uploads\/2016\/03\/DSCN7331-768x576.jpg 768w, https:\/\/scoutsmarins.ca\/wp-content\/uploads\/2016\/03\/DSCN7331-1024x768.jpg 1024w\" sizes=\"auto, (max-width: 300px) 100vw, 300px\" \/><\/p>\n","protected":false},"excerpt":{"rendered":"<p>Le scoutisme marin est une sp\u00e9cialit\u00e9 navale des scouts. Cette p\u00e9dagogie particuli\u00e8re int\u00e8gre tous les avantages d\u2019une double formation de scout et de marin, laquelle contribue \u00e0 forger de jeunes gens engag\u00e9s, actifs et responsables. Toutefois, la pr\u00e9misse de base du scoutisme marin est que nous sommes scouts d\u2019abord, marins ensuite. La sp\u00e9cialit\u00e9 marine n\u2019est&hellip;<\/p>\n","protected":false},"author":2,"featured_media":0,"parent":0,"menu_order":3,"comment_status":"closed","ping_status":"closed","template":"","meta":{"footnotes":""},"class_list":["post-101","page","type-page","status-publish","hentry"],"_links":{"self":[{"href":"https:\/\/scoutsmarins.ca\/index.php\/wp-json\/wp\/v2\/pages\/101","targetHints":{"allow":["GET"]}}],"collection":[{"href":"https:\/\/scoutsmarins.ca\/index.php\/wp-json\/wp\/v2\/pages"}],"about":[{"href":"https:\/\/scoutsmarins.ca\/index.php\/wp-json\/wp\/v2\/types\/page"}],"author":[{"embeddable":true,"href":"https:\/\/scoutsmarins.ca\/index.php\/wp-json\/wp\/v2\/users\/2"}],"replies":[{"embeddable":true,"href":"https:\/\/scoutsmarins.ca\/index.php\/wp-json\/wp\/v2\/comments?post=101"}],"version-history":[{"count":25,"href":"https:\/\/scoutsmarins.ca\/index.php\/wp-json\/wp\/v2\/pages\/101\/revisions"}],"predecessor-version":[{"id":1415,"href":"https:\/\/scoutsmarins.ca\/index.php\/wp-json\/wp\/v2\/pages\/101\/revisions\/1415"}],"wp:attachment":[{"href":"https:\/\/scoutsmarins.ca\/index.php\/wp-json\/wp\/v2\/media?parent=101"}],"curies":[{"name":"wp","href":"https:\/\/api.w.org\/{rel}","templated":true}]}}