{"id":1043,"date":"2023-12-09T00:56:01","date_gmt":"2023-12-08T23:56:01","guid":{"rendered":"http:\/\/scoutsmarins.ca\/?page_id=1043"},"modified":"2025-04-10T06:17:39","modified_gmt":"2025-04-10T05:17:39","slug":"les-instructeurs-smgm","status":"publish","type":"page","link":"https:\/\/scoutsmarins.ca\/index.php\/les-instructeurs-smgm\/","title":{"rendered":"Les instructeurs SMGM"},"content":{"rendered":"<p><img loading=\"lazy\" decoding=\"async\" class=\"alignnone size-medium wp-image-1037\" src=\"http:\/\/scoutsmarins.ca\/wp-content\/uploads\/2023\/12\/banniere_bold-300x68.jpg\" alt=\"\" width=\"300\" height=\"68\" srcset=\"https:\/\/scoutsmarins.ca\/wp-content\/uploads\/2023\/12\/banniere_bold-300x68.jpg 300w, https:\/\/scoutsmarins.ca\/wp-content\/uploads\/2023\/12\/banniere_bold-768x173.jpg 768w, https:\/\/scoutsmarins.ca\/wp-content\/uploads\/2023\/12\/banniere_bold-1024x231.jpg 1024w\" sizes=\"auto, (max-width: 300px) 100vw, 300px\" \/><\/p>\n<p>Les instructeurs SMGM sont des b\u00e9n\u00e9voles passionn\u00e9s. \u00c9tant une \u00e9cole de navigation de plaisance \u00e0 vocation g\u00e9n\u00e9raliste visant \u00e0 d\u00e9velopper et soutenir le scoutisme marin, nos instructeurs ne poss\u00e8dent pas n\u00e9cessairement le m\u00eame cheminement, contrairement par exemple \u00e0 une simple \u00e9cole de voile d\u00e9di\u00e9e. Notre \u00e9quipe d\u2019instructeurs rassemble une vari\u00e9t\u00e9 de qualifications et de responsabilit\u00e9s d\u00e9pendant des notions qui doivent \u00eatre transmises. Ainsi, nous comptons parmi nos b\u00e9n\u00e9voles des instructeurs sp\u00e9cialis\u00e9s en communication radio, premiers soins, navigation \u00e0 moteur et \u00e0 voile, entretien, etc.<\/p>\n<p><strong>Instructeurs de navigation<\/strong><\/p>\n<p>Avant que sa candidature \u00e0 titre d\u2019instructeur de navigation ne soit consid\u00e9r\u00e9e, chaque candidat doit satisfaire les crit\u00e8res minimums l\u00e9gaux exig\u00e9s par Transports Canada pour les instructeurs des \u00e9coles de navigation de plaisance:<\/p>\n<ul>\n<li>La Carte de conducteur d\u2019embarcation de plaisance<\/li>\n<li>Le Certificat d\u2019op\u00e9rateur restreint (Maritime) pour les communications radio<\/li>\n<li>Un cours de secourisme \u00e9l\u00e9mentaire en mer d\u2019un minimum de 16 heures, promulgu\u00e9 par un organisme reconnu<\/li>\n<\/ul>\n<p>Une fois ces crit\u00e8res v\u00e9rifi\u00e9s, nous commen\u00e7ons \u00e0 \u00e9tudier les candidatures. Suite \u00e0 l&rsquo;\u00e9tude de son CV marin, \u00e0 une entrevue et \u00e0 la <strong>v\u00e9rification de ses ant\u00e9c\u00e9dents judiciaires<\/strong> (voir notre Politique), si le candidat est retenu, une recommandation est faite pour l\u2019int\u00e9grer \u00e0 l\u2019\u00e9quipe :<\/p>\n<p><strong>Instructeur Apprenti<\/strong><\/p>\n<p>Cet instructeur en formation remplit d\u2019abord les crit\u00e8res minimums mentionn\u00e9s plus haut. Il est en d\u00e9veloppement et ne peut pas donner de l\u2019instruction seul, autant en classe que sur l\u2019eau. Un instructeur apprenti a 4 ans pour aller chercher les qualifications et l\u2019exp\u00e9rience requise pour devenir Instructeur Brevet\u00e9.<\/p>\n<p><strong>Instructeur Brevet\u00e9<\/strong><\/p>\n<p>Un instructeur brevet\u00e9 poss\u00e8de quelques ann\u00e9es d\u2019exp\u00e9rience ainsi qu\u2019une formation suppl\u00e9mentaire en lien avec les types de cours qu\u2019il sera amen\u00e9 \u00e0 donner. \u00c9galement, il s\u2019est certifi\u00e9 sur l\u2019(es) embarcation(s) des SMGM utilis\u00e9es pour les formations. Nos instructeurs doivent \u00e9galement r\u00e9ussir la formation FUM\/SVD-BS (Fonctions d&rsquo;urgence en mer), et acqu\u00e9rir la formation SVOP (Small vessel operator proficiency).<\/p>\n<p>Nos instructeurs brevet\u00e9s sont des patrons d\u2019embarcation \u00e9panouis qui partagent leur passion avec les jeunes et leurs coll\u00e8gues dans un souci de co-d\u00e9veloppement. Ils contribuent \u00e0 faire vivre le scoutisme marin aux jeunes et adultes qui participent aux formations, et \u00e0 d\u00e9velopper chez ces derniers des comp\u00e9tences \u00e0 titre de futurs patrons d\u2019embarcations.<\/p>\n<p><strong>Instructeur Conseiller<\/strong><\/p>\n<p>Un instructeur conseiller compte parmi les plus exp\u00e9riment\u00e9s chez les SMGM. En plus de donner de la formation, il est responsable de l\u2019encadrement du programme de formation ainsi que du d\u00e9veloppement des instructeurs brevet\u00e9s et apprentis. En plus des crit\u00e8res requis pour les instructeurs brevet\u00e9s, nous exigeons un minimum de 5 ans d\u2019exp\u00e9rience \u00e0 titre de plaisancier, une formation suppl\u00e9mentaire interm\u00e9diaire en navigation de plaisance d\u2019un organisme conforme \u00e0 la norme TP-15136 de Transports Canada, ou encore une formation de niveau commerciale reconnue par Transports Canada.<\/p>\n","protected":false},"excerpt":{"rendered":"<p>Les instructeurs SMGM sont des b\u00e9n\u00e9voles passionn\u00e9s. \u00c9tant une \u00e9cole de navigation de plaisance \u00e0 vocation g\u00e9n\u00e9raliste visant \u00e0 d\u00e9velopper et soutenir le scoutisme marin, nos instructeurs ne poss\u00e8dent pas n\u00e9cessairement le m\u00eame cheminement, contrairement par exemple \u00e0 une simple \u00e9cole de voile d\u00e9di\u00e9e. Notre \u00e9quipe d\u2019instructeurs rassemble une vari\u00e9t\u00e9 de qualifications et de responsabilit\u00e9s&hellip;<\/p>\n","protected":false},"author":2,"featured_media":0,"parent":0,"menu_order":0,"comment_status":"closed","ping_status":"closed","template":"","meta":{"footnotes":""},"class_list":["post-1043","page","type-page","status-publish","hentry"],"_links":{"self":[{"href":"https:\/\/scoutsmarins.ca\/index.php\/wp-json\/wp\/v2\/pages\/1043","targetHints":{"allow":["GET"]}}],"collection":[{"href":"https:\/\/scoutsmarins.ca\/index.php\/wp-json\/wp\/v2\/pages"}],"about":[{"href":"https:\/\/scoutsmarins.ca\/index.php\/wp-json\/wp\/v2\/types\/page"}],"author":[{"embeddable":true,"href":"https:\/\/scoutsmarins.ca\/index.php\/wp-json\/wp\/v2\/users\/2"}],"replies":[{"embeddable":true,"href":"https:\/\/scoutsmarins.ca\/index.php\/wp-json\/wp\/v2\/comments?post=1043"}],"version-history":[{"count":5,"href":"https:\/\/scoutsmarins.ca\/index.php\/wp-json\/wp\/v2\/pages\/1043\/revisions"}],"predecessor-version":[{"id":1663,"href":"https:\/\/scoutsmarins.ca\/index.php\/wp-json\/wp\/v2\/pages\/1043\/revisions\/1663"}],"wp:attachment":[{"href":"https:\/\/scoutsmarins.ca\/index.php\/wp-json\/wp\/v2\/media?parent=1043"}],"curies":[{"name":"wp","href":"https:\/\/api.w.org\/{rel}","templated":true}]}}