{"id":1057,"date":"2023-12-09T02:14:53","date_gmt":"2023-12-09T01:14:53","guid":{"rendered":"http:\/\/scoutsmarins.ca\/?page_id=1057"},"modified":"2023-12-11T15:01:12","modified_gmt":"2023-12-11T14:01:12","slug":"verification-des-antecedents-judiciaires","status":"publish","type":"page","link":"https:\/\/scoutsmarins.ca\/index.php\/verification-des-antecedents-judiciaires\/","title":{"rendered":"V\u00e9rification des ant\u00e9c\u00e9dents judiciaires"},"content":{"rendered":"<p>Notre organisme n\u2019est pas \u00e0 l\u2019abri et peut \u00eatre confront\u00e9 \u00e0 des situations dans lesquelles ses gestionnaires, ses instructeurs ou toute personne qu\u2019elle mandate peuvent \u00eatre mis en cause en regard de probl\u00e8mes d\u2019agressions sexuelles, de fraude ou d\u2019actes de violence, pour ne nommer que ceux-l\u00e0. Afin de prot\u00e9ger l\u2019int\u00e9r\u00eat et l\u2019int\u00e9grit\u00e9 des personnes vuln\u00e9rables, les Scouts marins du Grand Montr\u00e9al (SMGM) ont mis en place la pr\u00e9sente politique de v\u00e9rification des ant\u00e9c\u00e9dents judiciaires.<\/p>\n<p>Aux fins de l\u2019application de la pr\u00e9sente politique, il est entendu par :<\/p>\n<ul>\n<li>Ant\u00e9c\u00e9dents judiciaires : Infractions criminelles ou p\u00e9nales pour lesquelles une personne a \u00e9t\u00e9 reconnue coupable.\u00a0Les accusations encore pendantes pour une infraction criminelle ou p\u00e9nale.<\/li>\n<li>Personne vuln\u00e9rable : Personne qui, en raison de son \u00e2ge, d\u2019une d\u00e9ficience ou d\u2019autres circonstances temporaires ou permanentes : a) est en position de d\u00e9pendance par rapport \u00e0 d\u2019autres personnes\u2009; b) soit court un risque d\u2019abus ou d\u2019agression plus \u00e9lev\u00e9 que la population en g\u00e9n\u00e9ral de la part d\u2019une personne en position d\u2019autorit\u00e9 ou de confiance par rapport \u00e0 elle (Loi sur le casier judiciaire, L.R.C. 1985, c. C -47, art. 6,3).<\/li>\n<li>Membre\u00a0: toute personne membre des Scouts marins du Grand Montr\u00e9al (R\u00e8glements g\u00e9n\u00e9raux, 3.1 et 3.2)<\/li>\n<\/ul>\n<p><strong>APPLICATION<\/strong><\/p>\n<p>Toute personne \u00e9num\u00e9r\u00e9e ci-dessous doit, avant d\u2019\u00eatre reconnue mandataire par l\u2019organisme, accepter de fournir une preuve de v\u00e9rification de ses ant\u00e9c\u00e9dents judiciaires suivant les modalit\u00e9s pr\u00e9vues \u00e0 la pr\u00e9sente politique :<\/p>\n<ul>\n<li>Tous les membres du conseil d\u2019administration des SMGM.<\/li>\n<li>Toutes les personnes ayant un mandat de superviser des participants dans le cadre d\u2019une activit\u00e9 relevant directement des SMGM, telles les formations en salle de cours et toute activit\u00e9 se d\u00e9roulant pendant nos formations embarqu\u00e9es.<\/li>\n<li>N\u2019est pas vis\u00e9e par cette politique la personne membre b\u00e9n\u00e9vole occasionnelle qui participe aux activit\u00e9s et qui n\u2019est pas en position de responsabilit\u00e9 ni d\u2019autorit\u00e9, sans toutefois dormir sur place.<\/li>\n<\/ul>\n<p>Les autres d\u00e9tails sur notre politique sont disponibles sur demande. \u00c9crivez-nous \u00e0 l&rsquo;adresse info@scoutsmarins.ca<\/p>\n","protected":false},"excerpt":{"rendered":"<p>Notre organisme n\u2019est pas \u00e0 l\u2019abri et peut \u00eatre confront\u00e9 \u00e0 des situations dans lesquelles ses gestionnaires, ses instructeurs ou toute personne qu\u2019elle mandate peuvent \u00eatre mis en cause en regard de probl\u00e8mes d\u2019agressions sexuelles, de fraude ou d\u2019actes de violence, pour ne nommer que ceux-l\u00e0. Afin de prot\u00e9ger l\u2019int\u00e9r\u00eat et l\u2019int\u00e9grit\u00e9 des personnes vuln\u00e9rables,&hellip;<\/p>\n","protected":false},"author":2,"featured_media":0,"parent":0,"menu_order":0,"comment_status":"closed","ping_status":"closed","template":"","meta":{"footnotes":""},"class_list":["post-1057","page","type-page","status-publish","hentry"],"_links":{"self":[{"href":"https:\/\/scoutsmarins.ca\/index.php\/wp-json\/wp\/v2\/pages\/1057","targetHints":{"allow":["GET"]}}],"collection":[{"href":"https:\/\/scoutsmarins.ca\/index.php\/wp-json\/wp\/v2\/pages"}],"about":[{"href":"https:\/\/scoutsmarins.ca\/index.php\/wp-json\/wp\/v2\/types\/page"}],"author":[{"embeddable":true,"href":"https:\/\/scoutsmarins.ca\/index.php\/wp-json\/wp\/v2\/users\/2"}],"replies":[{"embeddable":true,"href":"https:\/\/scoutsmarins.ca\/index.php\/wp-json\/wp\/v2\/comments?post=1057"}],"version-history":[{"count":3,"href":"https:\/\/scoutsmarins.ca\/index.php\/wp-json\/wp\/v2\/pages\/1057\/revisions"}],"predecessor-version":[{"id":1079,"href":"https:\/\/scoutsmarins.ca\/index.php\/wp-json\/wp\/v2\/pages\/1057\/revisions\/1079"}],"wp:attachment":[{"href":"https:\/\/scoutsmarins.ca\/index.php\/wp-json\/wp\/v2\/media?parent=1057"}],"curies":[{"name":"wp","href":"https:\/\/api.w.org\/{rel}","templated":true}]}}