{"id":1448,"date":"2024-05-01T01:22:05","date_gmt":"2024-05-01T00:22:05","guid":{"rendered":"https:\/\/scoutsmarins.ca\/index.php\/accueil-english\/"},"modified":"2024-06-01T01:35:54","modified_gmt":"2024-06-01T00:35:54","slug":"accueil-english","status":"publish","type":"page","link":"https:\/\/scoutsmarins.ca\/index.php\/en\/accueil-english\/","title":{"rendered":"Accueil &#8211; English"},"content":{"rendered":"<div id=\"pl-gb1448-69f9e49604e25\"  class=\"panel-layout\" ><div id=\"pg-gb1448-69f9e49604e25-0\"  class=\"panel-grid panel-has-style\" ><div class=\"panel-row-style panel-row-style-for-gb1448-69f9e49604e25-0\" ><div id=\"pgc-gb1448-69f9e49604e25-0-0\"  class=\"panel-grid-cell\" ><div id=\"panel-gb1448-69f9e49604e25-0-0-0\" class=\"so-panel widget widget_sow-features panel-first-child panel-last-child\" data-index=\"0\" ><div\n\t\t\t\n\t\t\tclass=\"so-widget-sow-features so-widget-sow-features-default-17191d81f91a-1448\"\n\t\t\t\n\t\t><ul\n\tclass=\"sow-features-list\n\tsow-features-responsive\">\n\n\t\t\t<li\n\t\t\tclass=\"sow-features-feature sow-icon-container-position-\"\n\t\t\tstyle=\"display: flex; flex-direction: row-reverse; width: calc(33.333% - 25px);\"\n\t\t>\n\t\t\t\n\t\t\t\t\t\t\t<div class=\"sow-features-feature-right-left-container\" style=\"display: flex; flex-direction: inherit;\">\n\t\t\t\t\t\t\t<div\t\t\t\tclass=\"sow-icon-container sow-container-round\"\n\t\t\t\tstyle=\"color: ; \"\n\t\t\t\t\n\t\t\t\t\t\t\t>\n\t\t\t\t\t\t\t<\/div>\n\n\t\t\t<div class=\"textwidget\">\n\t\t\t\t\t\t\t\t\t<div class=\"sow-features-feature-content\">\n\t\t\t\t\n\t\t\t\t\t\t\t\t\t<h5 class=\"sow-features-feature-title\">\n\t\t\t\t\t\tResponsive Design\t\t\t\t\t<\/h5>\n\t\t\t\t\n\t\t\t\t\t\t\t\t\t<div class=\"sow-features-feature-text\">\n\t\t\t\t\tUltra is ready for a multi-device world. Built from the ground up to be fully responsive, you can be sure your site will look stunning on any device. \t\t\t\t\t<\/div>\n\t\t\t\t\t\t\t\t\t\t<\/div>\n\t\t\t\t\t<p class=\"sow-more-text\">\n\t\t\t\t\t\t<a href=\"#\" >\t\t\t\t\t\tRead More\t\t\t\t\t\t<\/a>\t\t\t\t\t<\/p>\n\t\t\t\t\t\t\t<\/div>\n\t\t\t\t\t\t\t<\/div>\n\t\t\t\t\t\t\t\t<\/li>\n\n\t\t\t<li\n\t\t\tclass=\"sow-features-feature sow-icon-container-position-\"\n\t\t\tstyle=\"display: flex; flex-direction: row-reverse; width: calc(33.333% - 25px);\"\n\t\t>\n\t\t\t\n\t\t\t\t\t\t\t<div class=\"sow-features-feature-right-left-container\" style=\"display: flex; flex-direction: inherit;\">\n\t\t\t\t\t\t\t<div\t\t\t\tclass=\"sow-icon-container sow-container-round\"\n\t\t\t\tstyle=\"color: ; \"\n\t\t\t\t\n\t\t\t\t\t\t\t>\n\t\t\t\t<span class=\"sow-icon-fontawesome sow-fas\" data-sow-icon=\"&#xf047;\"\n\t\tstyle=\"font-size: 28px; color: #ffffff\" \n\t\taria-hidden=\"true\"><\/span>\t\t\t<\/div>\n\n\t\t\t<div class=\"textwidget\">\n\t\t\t\t\t\t\t\t\t<div class=\"sow-features-feature-content\">\n\t\t\t\t\n\t\t\t\t\t\t\t\t\t<h5 class=\"sow-features-feature-title\">\n\t\t\t\t\t\tDrag and Drop Layouts\t\t\t\t\t<\/h5>\n\t\t\t\t\n\t\t\t\t\t\t\t\t\t<div class=\"sow-features-feature-text\">\n\t\t\t\t\tWe&rsquo;ve tightly integrated SiteOrigin&rsquo;s powerful Page Builder plugin. Create the layouts you&rsquo;ve been dreaming of without touching any code.\t\t\t\t\t<\/div>\n\t\t\t\t\t\t\t\t\t\t<\/div>\n\t\t\t\t\t<p class=\"sow-more-text\">\n\t\t\t\t\t\t<a href=\"#\" >\t\t\t\t\t\tRead More\t\t\t\t\t\t<\/a>\t\t\t\t\t<\/p>\n\t\t\t\t\t\t\t<\/div>\n\t\t\t\t\t\t\t<\/div>\n\t\t\t\t\t\t\t\t<\/li>\n\n\t\t\t<li\n\t\t\tclass=\"sow-features-feature sow-icon-container-position-\"\n\t\t\tstyle=\"display: flex; flex-direction: row-reverse; width: calc(33.333% - 25px);\"\n\t\t>\n\t\t\t\n\t\t\t\t\t\t\t<div class=\"sow-features-feature-right-left-container\" style=\"display: flex; flex-direction: inherit;\">\n\t\t\t\t\t\t\t<div\t\t\t\tclass=\"sow-icon-container sow-container-round\"\n\t\t\t\tstyle=\"color: ; \"\n\t\t\t\t\n\t\t\t\t\t\t\t>\n\t\t\t\t<span class=\"sow-icon-fontawesome sow-far\" data-sow-icon=\"&#xf086;\"\n\t\tstyle=\"font-size: 28px; color: #ffffff\" \n\t\taria-hidden=\"true\"><\/span>\t\t\t<\/div>\n\n\t\t\t<div class=\"textwidget\">\n\t\t\t\t\t\t\t\t\t<div class=\"sow-features-feature-content\">\n\t\t\t\t\n\t\t\t\t\t\t\t\t\t<h5 class=\"sow-features-feature-title\">\n\t\t\t\t\t\tProfessional Support\t\t\t\t\t<\/h5>\n\t\t\t\t\n\t\t\t\t\t\t\t\t\t<div class=\"sow-features-feature-text\">\n\t\t\t\t\tKeep your project moving forward with quick support on the WordPress.org forums. Beginner or advanced user, we&rsquo;re here to help.\t\t\t\t\t<\/div>\n\t\t\t\t\t\t\t\t\t\t<\/div>\n\t\t\t\t\t<p class=\"sow-more-text\">\n\t\t\t\t\t\t<a href=\"#\" >\t\t\t\t\t\tRead More\t\t\t\t\t\t<\/a>\t\t\t\t\t<\/p>\n\t\t\t\t\t\t\t<\/div>\n\t\t\t\t\t\t\t<\/div>\n\t\t\t\t\t\t\t\t<\/li>\n\n\t<\/ul>\n<\/div><\/div><\/div><\/div><\/div><div id=\"pg-gb1448-69f9e49604e25-1\"  class=\"panel-grid panel-has-style\" ><div class=\"siteorigin-panels-stretch panel-row-style panel-row-style-for-gb1448-69f9e49604e25-1\" data-stretch-type=\"full\" ><div id=\"pgc-gb1448-69f9e49604e25-1-0\"  class=\"panel-grid-cell\" ><div id=\"panel-gb1448-69f9e49604e25-1-0-0\" class=\"so-panel widget panel-first-child panel-last-child\" data-index=\"1\" ><\/div><\/div><\/div><\/div><div id=\"pg-gb1448-69f9e49604e25-2\"  class=\"panel-grid panel-no-style\" ><div id=\"pgc-gb1448-69f9e49604e25-2-0\"  class=\"panel-grid-cell\" ><div id=\"panel-gb1448-69f9e49604e25-2-0-0\" class=\"so-panel widget widget_sow-post-carousel panel-first-child panel-last-child\" data-index=\"2\" ><div\n\t\t\t\n\t\t\tclass=\"so-widget-sow-post-carousel so-widget-sow-post-carousel-base-3f39ebb64162-1448\"\n\t\t\t\n\t\t>\t<div\n\t\tclass=\"sow-post-carousel-wrapper sow-post-carousel-theme-base\"\n\t\tstyle=\"overflow: hidden; max-width: 100%; \"\n\t>\n\t\t<div class=\"sow-carousel-title has-title\">\n\t<h3 class=\"widget-title\">Latest Posts<\/h3>\t\t<div class=\"sow-carousel-navigation \">\n\t\t\t\t\t\t<a href=\"#\" class=\"sow-carousel-next\" title=\"Next\" aria-label=\"Next Posts\" role=\"button\"><\/a>\n\t\t\t\t\t\t<a href=\"#\" class=\"sow-carousel-previous\" title=\"Previous\" aria-label=\"Previous Posts\" role=\"button\"><\/a>\n\t\t\t\t\t<\/div>\n\t<\/div>\n\n<div class=\"sow-carousel-container \">\n\t\t<div class=\"sow-carousel-wrapper\"\n\t\tdata-dir=\"ltr\"\n\t\tstyle=\"opacity: 0;\"\n\t\tdata-widget=\"post\" data-fetching=\"false\" data-page=\"1\" data-ajax-url=\"https:\/\/scoutsmarins.ca\/wp-admin\/admin-ajax.php?_widgets_nonce=1cb7d47957\" data-item_count=\"7\" data-carousel_settings=\"{&quot;loop&quot;:true,&quot;animation&quot;:&quot;Ease&quot;,&quot;animation_speed&quot;:400,&quot;autoplay&quot;:&quot;&quot;,&quot;pauseOnHover&quot;:&quot;&quot;,&quot;autoplaySpeed&quot;:8000,&quot;item_overflow&quot;:true,&quot;autoplay_continuous_scroll&quot;:false}\" data-responsive=\"{&quot;desktop_slides_to_scroll&quot;:1,&quot;tablet_landscape_breakpoint&quot;:1366,&quot;tablet_landscape_slides_to_scroll&quot;:2,&quot;tablet_portrait_breakpoint&quot;:1025,&quot;tablet_portrait_slides_to_scroll&quot;:2,&quot;mobile_breakpoint&quot;:480,&quot;mobile_slides_to_scroll&quot;:1}\" data-variable_width=\"true\" \t>\n\t\t<div\n\t\t\tclass=\"sow-carousel-items\"\n\t\t\t\t\t>\n\t\t\t\t<div class=\"sow-carousel-item\" tabindex=\"-1\" style=\"float: left;\">\n\t\t<div class=\"sow-carousel-thumbnail\">\n\t\t\t\t\t\t\t<a\n\t\t\t\t\thref=\"https:\/\/scoutsmarins.ca\/index.php\/2025\/09\/26\/un-appui-significatif-de-la-part-de-desjardins-du-vieux-longueuil\/\"\n\t\t\t\t\t\t\t\t\t\tstyle=\"background-image: url( https:\/\/scoutsmarins.ca\/wp-content\/uploads\/2025\/09\/Image-carnet-patron.png )\"\n\t\t\t\t\taria-labelledby=\"sow-carousel-id-1728\"\n\t\t\t\t\ttabindex=\"-1\"\n\t\t\t\t>\n\t\t\t\t\t<span class=\"overlay\"><\/span>\n\t\t\t\t<\/a>\n\t\t\t\t\t<\/div>\n\t\t<h3 class=\"sow-carousel-item-title\">\n\t\t\t<a\n\t\t\t\thref=\"https:\/\/scoutsmarins.ca\/index.php\/2025\/09\/26\/un-appui-significatif-de-la-part-de-desjardins-du-vieux-longueuil\/\"\n\t\t\t\tid=\"sow-carousel-id-1728\"\n\t\t\t\t\t\t\t\ttabindex=\"-1\"\n\t\t\t>\n\n\t\t\t\tUN APPUI SIGNIFICATIF DE LA PART DE DESJARDINS DU VIEUX-LONGUEUIL\t\t\t<\/a>\n\t\t<\/h3>\n\t<\/div>\n\t\t<div class=\"sow-carousel-item\" tabindex=\"-1\" style=\"float: left;\">\n\t\t<div class=\"sow-carousel-thumbnail\">\n\t\t\t\t\t\t\t<a\n\t\t\t\t\thref=\"https:\/\/scoutsmarins.ca\/index.php\/2025\/11\/27\/les-smgm-et-imagine-marine-sassocient-pour-la-promotion-des-carrieres-maritimes\/\"\n\t\t\t\t\t\t\t\t\t\tstyle=\"background-image: url( https:\/\/scoutsmarins.ca\/wp-content\/uploads\/2025\/11\/Salon-1.jpg )\"\n\t\t\t\t\taria-labelledby=\"sow-carousel-id-1751\"\n\t\t\t\t\ttabindex=\"-1\"\n\t\t\t\t>\n\t\t\t\t\t<span class=\"overlay\"><\/span>\n\t\t\t\t<\/a>\n\t\t\t\t\t<\/div>\n\t\t<h3 class=\"sow-carousel-item-title\">\n\t\t\t<a\n\t\t\t\thref=\"https:\/\/scoutsmarins.ca\/index.php\/2025\/11\/27\/les-smgm-et-imagine-marine-sassocient-pour-la-promotion-des-carrieres-maritimes\/\"\n\t\t\t\tid=\"sow-carousel-id-1751\"\n\t\t\t\t\t\t\t\ttabindex=\"-1\"\n\t\t\t>\n\n\t\t\t\tLes SMGM et Imagine Marine s&rsquo;associent pour la promotion des carri\u00e8res maritimes\t\t\t<\/a>\n\t\t<\/h3>\n\t<\/div>\n\t\t<div class=\"sow-carousel-item\" tabindex=\"-1\" style=\"float: left;\">\n\t\t<div class=\"sow-carousel-thumbnail\">\n\t\t\t\t\t\t\t<a\n\t\t\t\t\thref=\"https:\/\/scoutsmarins.ca\/index.php\/2025\/04\/10\/partenariat-entre-les-scouts-marins-du-grand-montreal-et-cartebateau-com\/\"\n\t\t\t\t\t\t\t\t\t\tstyle=\"background-image: url( https:\/\/scoutsmarins.ca\/wp-content\/uploads\/2025\/04\/cartebateau-facebook.jpg )\"\n\t\t\t\t\taria-labelledby=\"sow-carousel-id-1643\"\n\t\t\t\t\ttabindex=\"-1\"\n\t\t\t\t>\n\t\t\t\t\t<span class=\"overlay\"><\/span>\n\t\t\t\t<\/a>\n\t\t\t\t\t<\/div>\n\t\t<h3 class=\"sow-carousel-item-title\">\n\t\t\t<a\n\t\t\t\thref=\"https:\/\/scoutsmarins.ca\/index.php\/2025\/04\/10\/partenariat-entre-les-scouts-marins-du-grand-montreal-et-cartebateau-com\/\"\n\t\t\t\tid=\"sow-carousel-id-1643\"\n\t\t\t\t\t\t\t\ttabindex=\"-1\"\n\t\t\t>\n\n\t\t\t\tPartenariat entre les Scouts Marins du Grand Montr\u00e9al et Cartebateau.com\t\t\t<\/a>\n\t\t<\/h3>\n\t<\/div>\n\t\t<div class=\"sow-carousel-item\" tabindex=\"-1\" style=\"float: left;\">\n\t\t<div class=\"sow-carousel-thumbnail\">\n\t\t\t\t\t\t\t<a\n\t\t\t\t\thref=\"https:\/\/scoutsmarins.ca\/index.php\/2025\/02\/03\/devenez-membre-des-scouts-marins-du-grand-montreal\/\"\n\t\t\t\t\t\t\t\t\t\tstyle=\"background-image: url( https:\/\/scoutsmarins.ca\/wp-content\/uploads\/2025\/11\/Salon-2.jpg )\"\n\t\t\t\t\taria-labelledby=\"sow-carousel-id-681\"\n\t\t\t\t\ttabindex=\"-1\"\n\t\t\t\t>\n\t\t\t\t\t<span class=\"overlay\"><\/span>\n\t\t\t\t<\/a>\n\t\t\t\t\t<\/div>\n\t\t<h3 class=\"sow-carousel-item-title\">\n\t\t\t<a\n\t\t\t\thref=\"https:\/\/scoutsmarins.ca\/index.php\/2025\/02\/03\/devenez-membre-des-scouts-marins-du-grand-montreal\/\"\n\t\t\t\tid=\"sow-carousel-id-681\"\n\t\t\t\t\t\t\t\ttabindex=\"-1\"\n\t\t\t>\n\n\t\t\t\tDevenez membre des Scouts marins du Grand Montr\u00e9al d\u00e8s aujourd&rsquo;hui!\t\t\t<\/a>\n\t\t<\/h3>\n\t<\/div>\n\t\t<div class=\"sow-carousel-item\" tabindex=\"-1\" style=\"float: left;\">\n\t\t<div class=\"sow-carousel-thumbnail\">\n\t\t\t\t\t\t\t<a\n\t\t\t\t\thref=\"https:\/\/scoutsmarins.ca\/index.php\/2025\/02\/03\/bulletins-aux-membres\/\"\n\t\t\t\t\t\t\t\t\t\tstyle=\"background-image: url( https:\/\/scoutsmarins.ca\/wp-content\/uploads\/2025\/02\/12.jpg )\"\n\t\t\t\t\taria-labelledby=\"sow-carousel-id-1582\"\n\t\t\t\t\ttabindex=\"-1\"\n\t\t\t\t>\n\t\t\t\t\t<span class=\"overlay\"><\/span>\n\t\t\t\t<\/a>\n\t\t\t\t\t<\/div>\n\t\t<h3 class=\"sow-carousel-item-title\">\n\t\t\t<a\n\t\t\t\thref=\"https:\/\/scoutsmarins.ca\/index.php\/2025\/02\/03\/bulletins-aux-membres\/\"\n\t\t\t\tid=\"sow-carousel-id-1582\"\n\t\t\t\t\t\t\t\ttabindex=\"-1\"\n\t\t\t>\n\n\t\t\t\tBulletins aux membres\t\t\t<\/a>\n\t\t<\/h3>\n\t<\/div>\n\t\t<div class=\"sow-carousel-item\" tabindex=\"-1\" style=\"float: left;\">\n\t\t<div class=\"sow-carousel-thumbnail\">\n\t\t\t\t\t\t\t<a\n\t\t\t\t\thref=\"https:\/\/scoutsmarins.ca\/index.php\/2024\/10\/31\/le-prix-thierry-labonte-du-benevole-de-lannee\/\"\n\t\t\t\t\t\t\t\t\t\tstyle=\"background-image: url( https:\/\/scoutsmarins.ca\/wp-content\/uploads\/2025\/02\/Camp-instructeurs-1.jpg )\"\n\t\t\t\t\taria-labelledby=\"sow-carousel-id-993\"\n\t\t\t\t\ttabindex=\"-1\"\n\t\t\t\t>\n\t\t\t\t\t<span class=\"overlay\"><\/span>\n\t\t\t\t<\/a>\n\t\t\t\t\t<\/div>\n\t\t<h3 class=\"sow-carousel-item-title\">\n\t\t\t<a\n\t\t\t\thref=\"https:\/\/scoutsmarins.ca\/index.php\/2024\/10\/31\/le-prix-thierry-labonte-du-benevole-de-lannee\/\"\n\t\t\t\tid=\"sow-carousel-id-993\"\n\t\t\t\t\t\t\t\ttabindex=\"-1\"\n\t\t\t>\n\n\t\t\t\tLe prix Thierry-Labont\u00e9 du b\u00e9n\u00e9vole de l&rsquo;ann\u00e9e\t\t\t<\/a>\n\t\t<\/h3>\n\t<\/div>\n\t\t<div class=\"sow-carousel-item\" tabindex=\"-1\" style=\"float: left;\">\n\t\t<div class=\"sow-carousel-thumbnail\">\n\t\t\t\t\t\t\t<a\n\t\t\t\t\thref=\"https:\/\/scoutsmarins.ca\/index.php\/2021\/02\/17\/faites-un-don\/\"\n\t\t\t\t\t\t\t\t\t\tstyle=\"background-image: url( https:\/\/scoutsmarins.ca\/wp-content\/uploads\/2016\/03\/DSCN7341.jpg )\"\n\t\t\t\t\taria-labelledby=\"sow-carousel-id-485\"\n\t\t\t\t\ttabindex=\"-1\"\n\t\t\t\t>\n\t\t\t\t\t<span class=\"overlay\"><\/span>\n\t\t\t\t<\/a>\n\t\t\t\t\t<\/div>\n\t\t<h3 class=\"sow-carousel-item-title\">\n\t\t\t<a\n\t\t\t\thref=\"https:\/\/scoutsmarins.ca\/index.php\/2021\/02\/17\/faites-un-don\/\"\n\t\t\t\tid=\"sow-carousel-id-485\"\n\t\t\t\t\t\t\t\ttabindex=\"-1\"\n\t\t\t>\n\n\t\t\t\tDons et partenariats corporatifs\t\t\t<\/a>\n\t\t<\/h3>\n\t<\/div>\n\t\t\t<\/div>\n\t\t\t<\/div>\n\n\t<\/div>\n\t\t<input type=\"hidden\" name=\"instance_hash\" value=\"69700fe4\"\/>\n\t<\/div>\n<\/div><\/div><\/div><\/div><\/div>","protected":false},"excerpt":{"rendered":"","protected":false},"author":3,"featured_media":0,"parent":0,"menu_order":0,"comment_status":"closed","ping_status":"closed","template":"home-panels.php","meta":{"footnotes":""},"class_list":["post-1448","page","type-page","status-publish","hentry"],"_links":{"self":[{"href":"https:\/\/scoutsmarins.ca\/index.php\/wp-json\/wp\/v2\/pages\/1448","targetHints":{"allow":["GET"]}}],"collection":[{"href":"https:\/\/scoutsmarins.ca\/index.php\/wp-json\/wp\/v2\/pages"}],"about":[{"href":"https:\/\/scoutsmarins.ca\/index.php\/wp-json\/wp\/v2\/types\/page"}],"author":[{"embeddable":true,"href":"https:\/\/scoutsmarins.ca\/index.php\/wp-json\/wp\/v2\/users\/3"}],"replies":[{"embeddable":true,"href":"https:\/\/scoutsmarins.ca\/index.php\/wp-json\/wp\/v2\/comments?post=1448"}],"version-history":[{"count":2,"href":"https:\/\/scoutsmarins.ca\/index.php\/wp-json\/wp\/v2\/pages\/1448\/revisions"}],"predecessor-version":[{"id":1465,"href":"https:\/\/scoutsmarins.ca\/index.php\/wp-json\/wp\/v2\/pages\/1448\/revisions\/1465"}],"wp:attachment":[{"href":"https:\/\/scoutsmarins.ca\/index.php\/wp-json\/wp\/v2\/media?parent=1448"}],"curies":[{"name":"wp","href":"https:\/\/api.w.org\/{rel}","templated":true}]}}