{"id":55,"date":"2022-04-11T16:57:26","date_gmt":"2022-04-11T15:57:26","guid":{"rendered":"http:\/\/scoutsmarins.ca\/?page_id=55"},"modified":"2025-12-03T19:08:23","modified_gmt":"2025-12-03T18:08:23","slug":"nos-voiliers","status":"publish","type":"page","link":"https:\/\/scoutsmarins.ca\/index.php\/nos-voiliers\/","title":{"rendered":"Notre flotte"},"content":{"rendered":"<p>Tous nos bateaux ont \u00e9t\u00e9 l\u00e9gu\u00e9s par des donateurs priv\u00e9s. Ainsi, depuis notre fondation en 2006, nous avons pu naviguer sur diverses embarcations, notamment\u00a0un Shark 24, un GibSea 76 et un Gulfstar 42. D&rsquo;ailleurs, nous continuons d&rsquo;accueillir des offres de <a href=\"http:\/\/scoutsmarins.ca\/index.php\/donation\/\">dons<\/a>\u00a0d&#8217;embarcations et d&rsquo;\u00e9quipements divers afin d&rsquo;am\u00e9liorer notre flotte et pour la revente. Toutes nos embarcations poss\u00e8dent \u00e0 bord l&rsquo;\u00e9quipement requis pour les \u00e9coles de navigation de plaisance, tel que d\u00e9crit dans la norme TP-15136 F de Transports Canada.<\/p>\n<p>Nos embarcations actuelles sont:<\/p>\n<p><img loading=\"lazy\" decoding=\"async\" class=\"alignnone size-medium wp-image-70\" src=\"http:\/\/scoutsmarins.ca\/wp-content\/uploads\/2016\/03\/DSCN7503-225x300.jpg\" alt=\"DSCN7503\" width=\"225\" height=\"300\" srcset=\"https:\/\/scoutsmarins.ca\/wp-content\/uploads\/2016\/03\/DSCN7503-225x300.jpg 225w, https:\/\/scoutsmarins.ca\/wp-content\/uploads\/2016\/03\/DSCN7503-768x1024.jpg 768w\" sizes=\"auto, (max-width: 225px) 100vw, 225px\" \/><\/p>\n<p><strong><em>Atalante II<\/em>, Tartan 34C, 1978<\/strong><br \/>\nDesign de Sparkman and Stephens<br \/>\nLongueur: 34&prime;<br \/>\nLargeur au ma\u00eetre-bau: 10&prime;<br \/>\nTirant d&rsquo;eau minimal: 3&rsquo;11&rsquo; &lsquo;<br \/>\nTirant d&rsquo;eau maximal (d\u00e9rive abaiss\u00e9e): 8&rsquo;4&rsquo; &lsquo;<br \/>\nMoteur diesel Volvo Penta 2003 28CV, 1985<br \/>\n(6-8 places) 1 chambre ferm\u00e9e, 1 salle d&rsquo;eau, cuisine \u00e9quip\u00e9e, po\u00eale \u00e0 alcool, BBQ, Radio VHF, vestes de sauvetage, \u00e9quipements de s\u00e9curit\u00e9.<\/p>\n<p><em><img loading=\"lazy\" decoding=\"async\" class=\"alignnone size-medium wp-image-581\" src=\"http:\/\/scoutsmarins.ca\/wp-content\/uploads\/2022\/04\/Leeway1-300x169.jpg\" alt=\"\" width=\"300\" height=\"169\" srcset=\"https:\/\/scoutsmarins.ca\/wp-content\/uploads\/2022\/04\/Leeway1-300x169.jpg 300w, https:\/\/scoutsmarins.ca\/wp-content\/uploads\/2022\/04\/Leeway1-768x432.jpg 768w, https:\/\/scoutsmarins.ca\/wp-content\/uploads\/2022\/04\/Leeway1-1024x576.jpg 1024w, https:\/\/scoutsmarins.ca\/wp-content\/uploads\/2022\/04\/Leeway1.jpg 1200w\" sizes=\"auto, (max-width: 300px) 100vw, 300px\" \/><\/em><\/p>\n<p><strong><em>Leeway I<\/em>, Irwin 34, 1984<\/strong><\/p>\n<p>Design de Ted Irwin<br \/>\nLongueur: 35&rsquo;1&prime; &lsquo;<br \/>\nLargeur au ma\u00eetre-bau: 11&rsquo;5&rsquo; &lsquo;<br \/>\nTirant d&rsquo;eau: 4&rsquo;4&rsquo; &lsquo;<br \/>\nMoteur diesel Yanmar 3GMF 24CV, 1984<br \/>\n(6-8 places) 1 chambre ferm\u00e9e, 1 salle d&rsquo;eau, cuisine \u00e9quip\u00e9e, po\u00eale au propane, chauffe-eau, panneaux solaires, \u00e9cran multifonctions GPS, Radio VHF, vestes de sauvetage, \u00e9quipements de s\u00e9curit\u00e9.<\/p>\n<p><img loading=\"lazy\" decoding=\"async\" class=\"alignnone size-medium wp-image-1552\" src=\"https:\/\/scoutsmarins.ca\/wp-content\/uploads\/2025\/02\/Baleiniere-Vanier-Laurier-modifiee-300x225.jpg\" alt=\"\" width=\"300\" height=\"225\" srcset=\"https:\/\/scoutsmarins.ca\/wp-content\/uploads\/2025\/02\/Baleiniere-Vanier-Laurier-modifiee-300x225.jpg 300w, https:\/\/scoutsmarins.ca\/wp-content\/uploads\/2025\/02\/Baleiniere-Vanier-Laurier-modifiee-1024x768.jpg 1024w, https:\/\/scoutsmarins.ca\/wp-content\/uploads\/2025\/02\/Baleiniere-Vanier-Laurier-modifiee-768x576.jpg 768w, https:\/\/scoutsmarins.ca\/wp-content\/uploads\/2025\/02\/Baleiniere-Vanier-Laurier-modifiee-1536x1152.jpg 1536w, https:\/\/scoutsmarins.ca\/wp-content\/uploads\/2025\/02\/Baleiniere-Vanier-Laurier-modifiee.jpg 1920w\" sizes=\"auto, (max-width: 300px) 100vw, 300px\" \/><img loading=\"lazy\" decoding=\"async\" class=\"alignnone size-medium wp-image-1764\" src=\"https:\/\/scoutsmarins.ca\/wp-content\/uploads\/2025\/12\/Baleiniere-renovee-225x300.jpeg\" alt=\"\" width=\"225\" height=\"300\" srcset=\"https:\/\/scoutsmarins.ca\/wp-content\/uploads\/2025\/12\/Baleiniere-renovee-225x300.jpeg 225w, https:\/\/scoutsmarins.ca\/wp-content\/uploads\/2025\/12\/Baleiniere-renovee-768x1024.jpeg 768w, https:\/\/scoutsmarins.ca\/wp-content\/uploads\/2025\/12\/Baleiniere-renovee-1152x1536.jpeg 1152w, https:\/\/scoutsmarins.ca\/wp-content\/uploads\/2025\/12\/Baleiniere-renovee.jpeg 1536w\" sizes=\"auto, (max-width: 225px) 100vw, 225px\" \/><\/p>\n<p><b><i>Baleini\u00e8re Cadorette<\/i><\/b><\/p>\n<p>Fabrication: Mo\u00efse Cadorette Inc., Shawinigan<br \/>\nLongueur: 27&prime;<br \/>\nLargeur au ma\u00eetre-bau: 6&prime;<br \/>\nTirant d&rsquo;eau: 12&Prime; (4&prime; avec la quille descendue)<br \/>\nMoteur hors-bord 9.9hp (peut aller jusqu&rsquo;\u00e0 15hp), voiles et rames<\/p>\n<p>Capacit\u00e9 : 12<\/p>\n<p>Vestes de sauvetage, \u00e9quipements de s\u00e9curit\u00e9<\/p>\n<p><em><strong>Pr\u00e9sentement en r\u00e9novation compl\u00e8te &#8211; 2025<\/strong><\/em><\/p>\n","protected":false},"excerpt":{"rendered":"<p>Tous nos bateaux ont \u00e9t\u00e9 l\u00e9gu\u00e9s par des donateurs priv\u00e9s. Ainsi, depuis notre fondation en 2006, nous avons pu naviguer sur diverses embarcations, notamment\u00a0un Shark 24, un GibSea 76 et un Gulfstar 42. D&rsquo;ailleurs, nous continuons d&rsquo;accueillir des offres de dons\u00a0d&#8217;embarcations et d&rsquo;\u00e9quipements divers afin d&rsquo;am\u00e9liorer notre flotte et pour la revente. Toutes nos embarcations&hellip;<\/p>\n","protected":false},"author":2,"featured_media":0,"parent":0,"menu_order":5,"comment_status":"closed","ping_status":"closed","template":"","meta":{"footnotes":""},"class_list":["post-55","page","type-page","status-publish","hentry"],"_links":{"self":[{"href":"https:\/\/scoutsmarins.ca\/index.php\/wp-json\/wp\/v2\/pages\/55","targetHints":{"allow":["GET"]}}],"collection":[{"href":"https:\/\/scoutsmarins.ca\/index.php\/wp-json\/wp\/v2\/pages"}],"about":[{"href":"https:\/\/scoutsmarins.ca\/index.php\/wp-json\/wp\/v2\/types\/page"}],"author":[{"embeddable":true,"href":"https:\/\/scoutsmarins.ca\/index.php\/wp-json\/wp\/v2\/users\/2"}],"replies":[{"embeddable":true,"href":"https:\/\/scoutsmarins.ca\/index.php\/wp-json\/wp\/v2\/comments?post=55"}],"version-history":[{"count":65,"href":"https:\/\/scoutsmarins.ca\/index.php\/wp-json\/wp\/v2\/pages\/55\/revisions"}],"predecessor-version":[{"id":1765,"href":"https:\/\/scoutsmarins.ca\/index.php\/wp-json\/wp\/v2\/pages\/55\/revisions\/1765"}],"wp:attachment":[{"href":"https:\/\/scoutsmarins.ca\/index.php\/wp-json\/wp\/v2\/media?parent=55"}],"curies":[{"name":"wp","href":"https:\/\/api.w.org\/{rel}","templated":true}]}}