{"id":615,"date":"2022-06-03T07:40:34","date_gmt":"2022-06-03T06:40:34","guid":{"rendered":"http:\/\/scoutsmarins.ca\/?page_id=615"},"modified":"2026-03-12T22:46:11","modified_gmt":"2026-03-12T21:46:11","slug":"formations","status":"publish","type":"page","link":"https:\/\/scoutsmarins.ca\/index.php\/formations\/","title":{"rendered":"Formations"},"content":{"rendered":"<p>En lien avec notre mandat premier, nous offrons une s\u00e9lection de formations donn\u00e9es par nos instructeurs b\u00e9n\u00e9voles qualifi\u00e9s ou encore par des partenaires.<\/p>\n<p>Les formations offertes en 2026 \u00e0 nos membres sont:<\/p>\n<h3 style=\"text-align: left;\">&#8211; <strong>Cours de premiers soins \u00e9l\u00e9mentaire en mer *(15 ans et +)\u00a0<\/strong><\/h3>\n<p style=\"text-align: left;\"><b><i>11-12 avril 2026 \u00e0 Laval<\/i><\/b><\/p>\n<p>*Cette formation est donn\u00e9e en priorit\u00e9 aux membres d&rsquo;une unit\u00e9 de scoutisme ainsi qu&rsquo;aux candidats instructeurs SMGM<\/p>\n<p style=\"text-align: center;\"><strong>Instructeur: Pierre Lefevre<\/strong><\/p>\n<p>Ce cours de premiers soins adapt\u00e9 au monde nautique et marin comporte les notions d&rsquo;un cours de secourisme g\u00e9n\u00e9ral, auquel sont entre autres ajout\u00e9es des notions plus avanc\u00e9es sur l&rsquo;hypothermie.<\/p>\n<p><em><strong>Contactez-nous \u00e0 l&rsquo;adresse <span style=\"color: #3366ff;\">info@scoutsmarins.ca<\/span><\/strong><\/em><em><strong>\u00a0pour recevoir le lien d&rsquo;inscription.<\/strong><\/em><\/p>\n<p>************************************************************************<\/p>\n<h3 style=\"text-align: left;\"><strong>&#8211; Cours d&rsquo;op\u00e9rateur radio VHF * (12 ans et +)\u00a0<\/strong><\/h3>\n<p style=\"text-align: left;\"><em><b>2-3 mai 2026 \u00e0\u00a0<\/b><\/em><\/p>\n<p>*Cette formation est donn\u00e9e en priorit\u00e9 aux membres d&rsquo;une unit\u00e9 de scoutisme ainsi qu&rsquo;aux candidats instructeurs SMGM<\/p>\n<p style=\"text-align: center;\"><strong>Instructeur: Julien Bertrand <\/strong><\/p>\n<p>Ce cours permet l&rsquo;obtention du Certificat restreint d\u2019op\u00e9rateur &#8211; (Maritime) CRO-M qui est obligatoire au Canada pour l&rsquo;utilisation d&rsquo;une station radio VHF marine.<\/p>\n<p><em><strong>Contactez-nous \u00e0 l&rsquo;adresse <span style=\"color: #3366ff;\">info@scoutsmarins.ca<\/span><\/strong><\/em><em><strong>\u00a0pour recevoir le lien d&rsquo;inscription.<\/strong><\/em><\/p>\n<p>************************************************************************<\/p>\n<h3 style=\"text-align: left;\"><strong>&#8211; Sorties de perfectionnement de 3 heures<\/strong><\/h3>\n<p style=\"text-align: left;\"><strong>Mai \u00e0 octobre 2026\u00a0\u00a0<\/strong><\/p>\n<p style=\"text-align: left;\">Ouvertes \u00e0 tous nos membres d\u00e9sirant parfaire leurs comp\u00e9tences \u00e0 titre de patron d&#8217;embarcation, ces sorties \u00e0 faible co\u00fbt sont tr\u00e8s populaires. D\u00e9tails dans le Bulletin aux membres d&rsquo;avril 2026.<strong><br \/>\n<\/strong><\/p>\n<p>************************************************************************<\/p>\n<h3><strong>&#8211; Initiation \u00e0 la navigation s\u00e9curitaire (9-11 ans et +)<\/strong><\/h3>\n<p style=\"text-align: left;\"><strong>Disponible en 2026<\/strong><\/p>\n<p style=\"text-align: center;\">Cours d&rsquo;une journ\u00e9e pour groupe organis\u00e9<\/p>\n<p>Cette initiation de 3-6 heures comporte \u00e0 la fois une section th\u00e9orique ainsi qu&rsquo;une sortie\u00a0 sur nos embarcations. Les connaissances acquises pendant cette formation incluent les comportements s\u00e9curitaires \u00e0 adopter ainsi qu&rsquo;une initiation aux man\u0153uvres de base.<\/p>\n<p>************************************************************************<\/p>\n<h3 style=\"text-align: left;\"><strong>&#8211; L&rsquo;ann\u00e9e marine (12 ans et plus)<br \/>\n<\/strong><\/h3>\n<p style=\"text-align: left;\"><strong>Disponible en 2026<\/strong><\/p>\n<p>Programme d&rsquo;une ann\u00e9e pour patrouilles\/troupes\/postes scouts, ou tout autre groupe organis\u00e9 menant \u00e0 l&rsquo;acquisition de connaissances nautiques qui permettront aux participants de prendre la barre et de participer aux manoeuvres sur nos <strong>voiliers et baleini\u00e8res<\/strong> en toute s\u00e9curit\u00e9.<\/p>\n<p>Avant de monter \u00e0 bord pour vivre leur camp de navigation, les participants passent par une s\u00e9rie d&rsquo;\u00e9tapes incluant l&rsquo;obtention de la carte de conducteur d&#8217;embarcation de plaisance et plusieurs notions de navigation. L&rsquo;\u00e9tape finale implique une navigation de <strong>deux jours ou plus<\/strong> pour ma\u00eetriser et \u00e9valuer les notions acquises. Pendant ces journ\u00e9es, un minimum de deux modules du\u00a0<strong>Brevet de Patron d&rsquo;Embarcation<\/strong> sont \u00e9valu\u00e9s.<\/p>\n<p>Suite \u00e0 un parcours s&rsquo;\u00e9chelonnant sur plusieurs saisons, une fois tous les modules compl\u00e9t\u00e9, le participant se voit remettre le <strong>Brevet de Patron d&rsquo;Embarcation <\/strong>et pourra s&rsquo;il le souhaite se joindre \u00e0 nous \u00e0 titre d&rsquo;instructeur apprenti.<\/p>\n<p><strong>Contactez-nous \u00e0 l&rsquo;adresse <em><span style=\"color: #3366ff;\">info@scoutsmarins.ca<\/span><\/em> pour en savoir plus!<\/strong><\/p>\n<p>**************************************************************************<\/p>\n<p style=\"text-align: center;\">\n","protected":false},"excerpt":{"rendered":"<p>En lien avec notre mandat premier, nous offrons une s\u00e9lection de formations donn\u00e9es par nos instructeurs b\u00e9n\u00e9voles qualifi\u00e9s ou encore par des partenaires. Les formations offertes en 2026 \u00e0 nos membres sont: &#8211; Cours de premiers soins \u00e9l\u00e9mentaire en mer *(15 ans et +)\u00a0 11-12 avril 2026 \u00e0 Laval *Cette formation est donn\u00e9e en priorit\u00e9&hellip;<\/p>\n","protected":false},"author":2,"featured_media":0,"parent":0,"menu_order":0,"comment_status":"closed","ping_status":"closed","template":"","meta":{"footnotes":""},"class_list":["post-615","page","type-page","status-publish","hentry"],"_links":{"self":[{"href":"https:\/\/scoutsmarins.ca\/index.php\/wp-json\/wp\/v2\/pages\/615","targetHints":{"allow":["GET"]}}],"collection":[{"href":"https:\/\/scoutsmarins.ca\/index.php\/wp-json\/wp\/v2\/pages"}],"about":[{"href":"https:\/\/scoutsmarins.ca\/index.php\/wp-json\/wp\/v2\/types\/page"}],"author":[{"embeddable":true,"href":"https:\/\/scoutsmarins.ca\/index.php\/wp-json\/wp\/v2\/users\/2"}],"replies":[{"embeddable":true,"href":"https:\/\/scoutsmarins.ca\/index.php\/wp-json\/wp\/v2\/comments?post=615"}],"version-history":[{"count":49,"href":"https:\/\/scoutsmarins.ca\/index.php\/wp-json\/wp\/v2\/pages\/615\/revisions"}],"predecessor-version":[{"id":1807,"href":"https:\/\/scoutsmarins.ca\/index.php\/wp-json\/wp\/v2\/pages\/615\/revisions\/1807"}],"wp:attachment":[{"href":"https:\/\/scoutsmarins.ca\/index.php\/wp-json\/wp\/v2\/media?parent=615"}],"curies":[{"name":"wp","href":"https:\/\/api.w.org\/{rel}","templated":true}]}}