{"id":98,"date":"2016-03-14T00:35:29","date_gmt":"2016-03-13T23:35:29","guid":{"rendered":"http:\/\/scoutsmarins.ca\/?page_id=98"},"modified":"2025-12-22T21:28:14","modified_gmt":"2025-12-22T20:28:14","slug":"donation","status":"publish","type":"page","link":"https:\/\/scoutsmarins.ca\/index.php\/donation\/","title":{"rendered":"Dons"},"content":{"rendered":"<h3 style=\"text-align: center;\">PARTICIPEZ \u00c0 NOTRE CAMPAGNE DE FINANCEMENT 2026: <a href=\"https:\/\/scouts-marins-du-grand-montreal.s1.yapla.com\/fr\/campaign-5770\/detail\/saison-2026-20-ans-de-scoutisme-marin\/5770\">VINGT ANS DE SCOUTISME MARIN<\/a><\/h3>\n<h3 style=\"text-align: center;\"><em><strong>Pour tout don d&rsquo;une valeur de 10.00$ et plus, un re\u00e7u d&rsquo;imp\u00f4t sera \u00e9mis.<\/strong><\/em><\/h3>\n<h3><strong>Dons en argent<\/strong><\/h3>\n<p>Nous accueillons les dons en argent via la plateforme Yapla.\u00a0C&rsquo;est direct, rapide et s\u00e9curitaire! Vous pouvez \u00e9galement contribuer par virement <em>Interac<\/em> via notre adresse courriel \u00e0 <strong>scoutsmarins@hotmail.com<\/strong> ou encore par ch\u00e8que \u00e0 l&rsquo;ordre des Scouts Marins du Grand Montr\u00e9al et ce, en <a href=\"http:\/\/scoutsmarins.ca\/index.php\/contacter\/\">communiquant<\/a> avec nous.<\/p>\n<p><strong>Nous \u00e9mettons un re\u00e7u d&rsquo;imp\u00f4t pour tout don d&rsquo;une valeur de 10$ et plus.<\/strong><\/p>\n<h3><strong>Dons d&#8217;embarcations<\/strong><\/h3>\n<p>Vous avez une embarcation qui vous encombre ou qui vous occasionne des frais? Optez pour un don! <strong>Le re\u00e7u d&rsquo;imp\u00f4t \u00e9mis<\/strong> est souvent plus avantageux que le profit d&rsquo;une vente longue et ardue, avec tous les frais potentiellement associ\u00e9s. Nous consid\u00e9rons les embarcations diverses <strong>en \u00e9tat de naviguer<\/strong>, id\u00e9alement avec remorque ou ber, accompagn\u00e9s d&rsquo;<strong>une expertise maritime datant de cinq ans ou moins<\/strong>. De plus, nous nous occupons efficacement et rapidement de tous les transferts et actes l\u00e9gaux.<\/p>\n<p>Bien que vos dons servent g\u00e9n\u00e9ralement \u00e0 financer nos op\u00e9rations par la revente, nous pouvons \u00e9galement rediriger ceux-ci vers notre r\u00e9seau d&rsquo;unit\u00e9s de scoutisme qui souhaitent monter une flotte et d\u00e9velopper un programme marin. N&rsquo;h\u00e9sitez pas \u00e0 <a href=\"http:\/\/scoutsmarins.ca\/index.php\/contacter\/\">nous joindre<\/a>\u00a0pour en savoir davantage ou en discuter.<\/p>\n<h3 style=\"text-align: left;\"><strong>Dons d&rsquo;\u00e9quipements<\/strong><\/h3>\n<p>Nous acceptons \u00e9galement tout mat\u00e9riel utile dans une embarcation \u00e0 voile ou motoris\u00e9e, peu importe l&rsquo;\u00e9tat, que ce soit pour am\u00e9liorer notre flotte ou pour des fins de formation ou de financement. Vous renouvelez votre \u00e9quipement ou faites de l&rsquo;espace dans votre garage? Pensez \u00e0 nous! Nous nous d\u00e9placerons volontiers!<\/p>\n<p><em> -Mat\u00e9riel de s\u00e9curit\u00e9<\/em><br \/>\n<em> -Cordages divers (peu importe la longueur, pour l&rsquo;enseignement des n\u0153uds)<\/em><br \/>\n<em> -Pi\u00e8ces d&rsquo;accastillage (poulies, quincaillerie, etc.)<\/em><br \/>\n<em> -Pi\u00e8ces m\u00e9caniques et moteurs (hors-bord, in-board: diesel, essence, \u00e9lectrique)<\/em><br \/>\n<em> -Mat\u00e9riaux d&rsquo;entretien (savons, cires, peintures marines, etc.)<\/em><br \/>\n<em> -Cartes marines\u00a0<\/em><br \/>\n<em> -Livres et ouvrages de r\u00e9f\u00e9rence<\/em><br \/>\n<em> -Instruments de navigation<\/em><br \/>\n<em> -Voiles en bon \u00e9tat<\/em><\/p>\n<h2 style=\"text-align: center;\"><strong>Merci pour votre soutien!<\/strong><\/h2>\n","protected":false},"excerpt":{"rendered":"<p>PARTICIPEZ \u00c0 NOTRE CAMPAGNE DE FINANCEMENT 2026: VINGT ANS DE SCOUTISME MARIN Pour tout don d&rsquo;une valeur de 10.00$ et plus, un re\u00e7u d&rsquo;imp\u00f4t sera \u00e9mis. Dons en argent Nous accueillons les dons en argent via la plateforme Yapla.\u00a0C&rsquo;est direct, rapide et s\u00e9curitaire! Vous pouvez \u00e9galement contribuer par virement Interac via notre adresse courriel \u00e0&hellip;<\/p>\n","protected":false},"author":2,"featured_media":0,"parent":0,"menu_order":6,"comment_status":"closed","ping_status":"closed","template":"","meta":{"footnotes":""},"class_list":["post-98","page","type-page","status-publish","hentry"],"_links":{"self":[{"href":"https:\/\/scoutsmarins.ca\/index.php\/wp-json\/wp\/v2\/pages\/98","targetHints":{"allow":["GET"]}}],"collection":[{"href":"https:\/\/scoutsmarins.ca\/index.php\/wp-json\/wp\/v2\/pages"}],"about":[{"href":"https:\/\/scoutsmarins.ca\/index.php\/wp-json\/wp\/v2\/types\/page"}],"author":[{"embeddable":true,"href":"https:\/\/scoutsmarins.ca\/index.php\/wp-json\/wp\/v2\/users\/2"}],"replies":[{"embeddable":true,"href":"https:\/\/scoutsmarins.ca\/index.php\/wp-json\/wp\/v2\/comments?post=98"}],"version-history":[{"count":75,"href":"https:\/\/scoutsmarins.ca\/index.php\/wp-json\/wp\/v2\/pages\/98\/revisions"}],"predecessor-version":[{"id":1774,"href":"https:\/\/scoutsmarins.ca\/index.php\/wp-json\/wp\/v2\/pages\/98\/revisions\/1774"}],"wp:attachment":[{"href":"https:\/\/scoutsmarins.ca\/index.php\/wp-json\/wp\/v2\/media?parent=98"}],"curies":[{"name":"wp","href":"https:\/\/api.w.org\/{rel}","templated":true}]}}